{"id":1142,"date":"2022-06-28T11:12:34","date_gmt":"2022-06-28T11:12:34","guid":{"rendered":"https:\/\/startersites.io\/elementor\/web-agency\/?page_id=1142"},"modified":"2026-02-18T02:51:19","modified_gmt":"2026-02-18T01:51:19","slug":"home","status":"publish","type":"page","link":"https:\/\/www.franzoesisch-salzburg.com\/","title":{"rendered":"Home"},"content":{"rendered":"\t\t<div data-elementor-type=\"wp-page\" data-elementor-id=\"1142\" class=\"elementor elementor-1142\">\n\t\t\t\t<div class=\"elementor-element elementor-element-32e1061 e-flex e-con-boxed e-con e-parent\" data-id=\"32e1061\" data-element_type=\"container\" data-e-type=\"container\">\n\t\t\t\t\t<div class=\"e-con-inner\">\n\t\t\t\t<div class=\"elementor-element elementor-element-2099d4e elementor-widget-mobile__width-initial elementor-widget elementor-widget-heading\" data-id=\"2099d4e\" data-element_type=\"widget\" data-e-type=\"widget\" data-widget_type=\"heading.default\">\n\t\t\t\t\t<h1 class=\"elementor-heading-title elementor-size-default\">Franz\u00f6sisch Unterricht, Konversation, Nachhilfe mit Nativspeakerin<\/h1>\t\t\t\t<\/div>\n\t\t\t\t\t<\/div>\n\t\t\t\t<\/div>\n\t\t<div class=\"elementor-element elementor-element-908c631 e-flex e-con-boxed e-con e-parent\" data-id=\"908c631\" data-element_type=\"container\" data-e-type=\"container\">\n\t\t\t\t\t<div class=\"e-con-inner\">\n\t\t\t\t<div class=\"elementor-element elementor-element-ef9794a elementor-widget elementor-widget-text-editor\" data-id=\"ef9794a\" data-element_type=\"widget\" data-e-type=\"widget\" data-widget_type=\"text-editor.default\">\n\t\t\t\t\t\t\t\t\t<p><span style=\"color: #000000;\"><span style=\"font-weight: 400;\">M\u00f6chten Sie Franz\u00f6sisch lernen, Ihre Kenntnisse wiederholen, Konversation \u00fcben und dabei klare, verst\u00e4ndliche Erkl\u00e4rungen erhalten? Dann sind Sie hier genau richtig.<\/span><span style=\"font-weight: 400;\"><br \/><\/span><span style=\"font-weight: 400;\"> Ich hei\u00dfe Annabelle Blanc und biete (online) Franz\u00f6sisch Unterricht f\u00fcr Erwachsene und Sch\u00fclerInnen\/StudentInnen an, die Franz\u00f6sisch Schritt f\u00fcr Schritt und ohne Druck lernen m\u00f6chten.<\/span><\/span><\/p><p><span style=\"font-weight: 400; color: #000000;\">Der Unterricht findet online statt und eignet sich ideal f\u00fcr Teilnehmer aus \u00d6sterreich und anderen deutschsprachigen L\u00e4ndern. Sie lernen flexibel von zu Hause aus und passen den Unterricht optimal an Ihren Alltag an. Wenn es Ihnen lieber ist, kann der Unterricht auch bei mir in Salzburg stattfinden.\u00a0<\/span><\/p><p><span style=\"color: #000000;\"><b>Franz\u00f6sisch lernen \u2013 verst\u00e4ndlich und praxisnah<\/b><\/span><\/p><p><span style=\"font-weight: 400; color: #000000;\">Franz\u00f6sisch wird oft als nicht einfache Sprache wahrgenommen. Mit einer klaren Struktur und verst\u00e4ndlichen Erkl\u00e4rungen l\u00e4sst sich Franz\u00f6sisch jedoch gut und nachhaltig lernen. In meinem Unterricht lege ich gro\u00dfen Wert darauf, dass Sie die Sprache wirklich verstehen und sicher anwenden k\u00f6nnen.<\/span><\/p><h3><span style=\"color: #000000;\"><b>Der Fokus liegt auf:<\/b><\/span><\/h3><ul><li style=\"font-weight: 400;\" aria-level=\"1\"><span style=\"color: #000000;\"><span style=\"font-weight: 400;\">verst\u00e4ndlicher Erkl\u00e4rung von Grammatik und Satzbau<\/span><span style=\"font-weight: 400;\"><br \/><\/span><\/span><\/li><li style=\"font-weight: 400;\" aria-level=\"1\"><span style=\"color: #000000;\"><span style=\"font-weight: 400;\">richtiger Aussprache und H\u00f6rverst\u00e4ndnis<\/span><span style=\"font-weight: 400;\"><br \/><\/span><\/span><\/li><li style=\"font-weight: 400;\" aria-level=\"1\"><span style=\"color: #000000;\"><span style=\"font-weight: 400;\">praktischem Wortschatz f\u00fcr den Alltag<\/span><span style=\"font-weight: 400;\"><br \/><\/span><\/span><\/li><li style=\"font-weight: 400;\" aria-level=\"1\"><span style=\"font-weight: 400; color: #000000;\">schrittweisem Aufbau Ihrer Sprachkenntnisse<\/span><\/li><li style=\"font-weight: 400;\" aria-level=\"1\"><span style=\"font-weight: 400; color: #000000;\">allt\u00e4glicher Konversation\u00a0<\/span><\/li><li style=\"font-weight: 400;\" aria-level=\"1\"><span style=\"color: #000000;\"><span style=\"font-weight: 400;\">Franz\u00f6sisch f\u00fcr den Beruf<\/span><span style=\"font-weight: 400;\"><br \/><\/span><\/span><\/li><\/ul><p><span style=\"font-weight: 400; color: #000000;\">Sie lernen in Ihrem eigenen Tempo und bauen dabei kontinuierlich Sicherheit im Sprechen auf.<\/span><\/p><p><span style=\"color: #000000;\"><b>(Online) Unterricht \u2013 flexibel und pers\u00f6nlich<\/b><\/span><\/p><p><span style=\"font-weight: 400; color: #000000;\">Der (online) Franz\u00f6sisch Unterricht wird individuell auf Ihre Lernziele abgestimmt. Egal, ob Sie Anf\u00e4nger sind oder bereits Kenntnisse haben \u2013 der Unterricht richtet sich nach Ihrem aktuellen Niveau.<\/span><\/p><h2><span style=\"color: #000000;\"><b>Warum (Online) Franz\u00f6sisch Unterricht?<\/b><\/span><\/h2><p><span style=\"font-weight: 400; color: #000000;\">Sie profitieren von pers\u00f6nlicher Betreuung und individuell angepassten Unterricht.<\/span><\/p><p><span style=\"font-weight: 400; color: #000000;\">Franz\u00f6sischkenntnisse er\u00f6ffnen neue M\u00f6glichkeiten \u2013 im Alltag, auf Reisen, f\u00fcr den Beruf und im pers\u00f6nlichen Austausch. Mit der richtigen Unterst\u00fctzung ist das Lernen der Sprache gut machbar.<\/span><\/p><p style=\"text-align: center;\"><span style=\"color: #000000;\"><b>Kontakt aufnehmen<\/b><\/span><\/p><p><span style=\"font-weight: 400; color: #000000;\">Wenn Sie Franz\u00f6sisch lernen m\u00f6chten, nehmen Sie gerne Kontakt auf. Beschreiben Sie mir kurz Ihr Lernziel und Ihre W\u00fcnsche. Ich freue mich auf Ihre Nachricht!<\/span><\/p><p><span style=\"color: #000000;\"><span style=\"font-weight: 400;\">\ud83d\udc49 <\/span><b>Jetzt Kontakt aufnehmen<\/b><\/span><\/p><p><strong><span style=\"color: #333399;\">Um einen Termin zu vereinbaren, senden Sie mir bitte eine E-Mail an franzoesisch.salzburg@gmx.at or WhatsApp: +43 660 6570738<\/span><\/strong><\/p><p><span style=\"font-weight: 400; color: #000000;\">In der Regel erhalten Sie innerhalb von 24 Stunden eine Antwort.<\/span><\/p>\t\t\t\t\t\t\t\t<\/div>\n\t\t\t\t\t<\/div>\n\t\t\t\t<\/div>\n\t\t\t\t<\/div>\n\t\t","protected":false},"excerpt":{"rendered":"<p>Franz\u00f6sisch Unterricht, Konversation, Nachhilfe mit Nativspeakerin M\u00f6chten Sie Franz\u00f6sisch lernen, Ihre Kenntnisse wiederholen, Konversation \u00fcben und dabei klare, verst\u00e4ndliche Erkl\u00e4rungen erhalten? Dann sind Sie hier genau richtig. Ich hei\u00dfe Annabelle Blanc und biete (online) Franz\u00f6sisch Unterricht f\u00fcr Erwachsene und Sch\u00fclerInnen\/StudentInnen an, die Franz\u00f6sisch Schritt f\u00fcr Schritt und ohne Druck lernen m\u00f6chten. Der Unterricht findet online [&hellip;]<\/p>\n","protected":false},"author":1,"featured_media":0,"parent":0,"menu_order":0,"comment_status":"closed","ping_status":"closed","template":"","meta":{"footnotes":""},"class_list":["post-1142","page","type-page","status-publish","hentry"],"blocksy_meta":{"page_title_panel":"","has_hero_section":"disabled","439e24da4eff50a72cd42bf2d3306a29":"","hero_section":"type-1","hero_elements":[{"id":"custom_title","enabled":true,"heading_tag":"h1","title":"Home"},{"id":"custom_description","enabled":true,"description_visibility":{"desktop":true,"tablet":true,"mobile":false}},{"id":"custom_meta","enabled":false,"meta_elements":[{"id":"author","enabled":true,"label":"By","has_author_avatar":"yes","avatar_size":25},{"id":"post_date","enabled":true,"label":"On","date_format_source":"default","date_format":"M j, Y"},{"id":"updated_date","enabled":false,"label":"On","date_format_source":"default","date_format":"M j, Y"},{"id":"categories","enabled":false,"label":"In","style":"simple"},{"id":"comments","enabled":true}],"page_meta_elements":{"joined":true,"articles_count":true,"comments":true}},{"id":"breadcrumbs","enabled":false}],"9fac0f0da6d7817e2623cc7cc81faeb9":"","hero_alignment1":"CT_CSS_SKIP_RULE","hero_margin":40,"hero_alignment2":"center","hero_vertical_alignment":"center","a6dfeafdfac0ca8323d070b7557f5096":"","hero_structure":"narrow","39f25695021540786bd9110bc218f6d6":"","page_title_bg_type":"featured_image","custom_hero_background":{"attachment_id":null},"page_title_image_size":"full","parallax":{"desktop":false,"tablet":false,"mobile":false},"79be491aa9d395cfc13d43fd027ea0f7":"","hero_height":"250px","pageTitleFont":{"family":"Default","variation":"Default","size":"30px","line-height":"CT_CSS_SKIP_RULE","letter-spacing":"CT_CSS_SKIP_RULE","text-transform":"CT_CSS_SKIP_RULE","text-decoration":"CT_CSS_SKIP_RULE"},"pageTitleFontColor":{"default":{"color":"CT_CSS_SKIP_RULEDEFAULT"}},"pageMetaFont":{"family":"Default","variation":"n6","size":"12px","line-height":"1.3","letter-spacing":"CT_CSS_SKIP_RULE","text-transform":"uppercase","text-decoration":"CT_CSS_SKIP_RULE"},"pageMetaFontColor":{"default":{"color":"CT_CSS_SKIP_RULEDEFAULT"},"hover":{"color":"CT_CSS_SKIP_RULEDEFAULT"}},"page_meta_button_type_font_colors":{"default":{"color":"CT_CSS_SKIP_RULEDEFAULT"},"hover":{"color":"CT_CSS_SKIP_RULEDEFAULT"}},"page_meta_button_type_background_colors":{"default":{"color":"CT_CSS_SKIP_RULEDEFAULT"},"hover":{"color":"CT_CSS_SKIP_RULEDEFAULT"}},"pageExcerptFont":{"family":"Default","variation":"Default","size":"CT_CSS_SKIP_RULE","line-height":"CT_CSS_SKIP_RULE","letter-spacing":"CT_CSS_SKIP_RULE","text-transform":"CT_CSS_SKIP_RULE","text-decoration":"CT_CSS_SKIP_RULE"},"pageExcerptColor":{"default":{"color":"CT_CSS_SKIP_RULEDEFAULT"}},"breadcrumbsFont":{"family":"Default","variation":"Default","size":"CT_CSS_SKIP_RULE","line-height":"CT_CSS_SKIP_RULE","letter-spacing":"CT_CSS_SKIP_RULE","text-transform":"CT_CSS_SKIP_RULE","text-decoration":"CT_CSS_SKIP_RULE"},"breadcrumbsFontColor":{"default":{"color":"CT_CSS_SKIP_RULEDEFAULT"},"initial":{"color":"CT_CSS_SKIP_RULEDEFAULT"},"hover":{"color":"CT_CSS_SKIP_RULEDEFAULT"}},"pageTitleOverlay":{"background_type":"color","background_pattern":"type-1","background_image":{"attachment_id":null,"x":0,"y":0},"gradient":"linear-gradient(135deg,rgba(6,147,227,1) 0%,rgb(155,81,224) 100%)","background_repeat":"repeat","background_size":"auto","background_attachment":"scroll","patternColor":{"default":{"color":"#e5e7ea"}},"overlayColor":{"default":{"color":"CT_CSS_SKIP_RULE"}},"backgroundColor":{"default":{"color":"CT_CSS_SKIP_RULE"}}},"pageTitleBackground":{"background_type":"color","background_pattern":"type-1","background_image":{"attachment_id":null,"x":0,"y":0},"gradient":"linear-gradient(135deg,rgba(6,147,227,1) 0%,rgb(155,81,224) 100%)","background_repeat":"repeat","background_size":"auto","background_attachment":"scroll","patternColor":{"default":{"color":"#e5e7ea"}},"overlayColor":{"default":{"color":"CT_CSS_SKIP_RULE"}},"backgroundColor":{"default":{"color":"var(--theme-palette-color-6)"}}},"pageTitlePadding":{"top":"50px","bottom":"50px","left":"auto","right":"auto","linked":true},"ee9d86c7d05e9db25e4f3f509cf40d85":"","page_structure_type":"default","d3b5540d0f79607fb9d99876e77849e0":"","content_style_source":"inherit","content_style":"wide","vertical_spacing_source":"custom","content_area_spacing":"none","background":{"background_type":"color","background_pattern":"type-1","background_image":{"attachment_id":null,"x":0,"y":0},"gradient":"linear-gradient(135deg,rgba(6,147,227,1) 0%,rgb(155,81,224) 100%)","background_repeat":"repeat","background_size":"auto","background_attachment":"scroll","patternColor":{"default":{"color":"#e5e7ea"}},"overlayColor":{"default":{"color":"CT_CSS_SKIP_RULE"}},"backgroundColor":{"default":{"color":"CT_CSS_SKIP_RULE"}}},"content_background":{"background_type":"color","background_pattern":"type-1","background_image":{"attachment_id":null,"x":0,"y":0},"gradient":"linear-gradient(135deg,rgba(6,147,227,1) 0%,rgb(155,81,224) 100%)","background_repeat":"repeat","background_size":"auto","background_attachment":"scroll","patternColor":{"default":{"color":"#e5e7ea"}},"overlayColor":{"default":{"color":"CT_CSS_SKIP_RULE"}},"backgroundColor":{"default":{"color":"var(--theme-palette-color-8)"}}},"content_boxed_shadow":{"inherit":false,"blur":18,"spread":-6,"v_offset":12,"h_offset":0,"inset":false,"enable":true,"color":{"color":"rgba(34, 56, 101, 0.04)"}},"content_boxed_border":{"width":1,"style":"none","color":{"color":"rgba(44,62,80,0.2)"}},"content_boxed_radius":{"top":"3px","bottom":"3px","left":"3px","right":"3px","linked":true},"boxed_content_spacing":{"desktop":{"top":"40px","bottom":"40px","left":"40px","right":"40px","linked":true},"tablet":{"top":"35px","bottom":"35px","left":"35px","right":"35px","linked":true},"mobile":{"top":"20px","bottom":"20px","left":"20px","right":"20px","linked":true}},"8b2e013b9a07d5546121deed812978fd":"","disable_featured_image":"no","disable_share_box":"no","disable_header":"no","disable_footer":"no","styles_descriptor":{"styles":{"desktop":"","tablet":"","mobile":""},"google_fonts":[],"version":6}},"_links":{"self":[{"href":"https:\/\/www.franzoesisch-salzburg.com\/index.php?rest_route=\/wp\/v2\/pages\/1142","targetHints":{"allow":["GET"]}}],"collection":[{"href":"https:\/\/www.franzoesisch-salzburg.com\/index.php?rest_route=\/wp\/v2\/pages"}],"about":[{"href":"https:\/\/www.franzoesisch-salzburg.com\/index.php?rest_route=\/wp\/v2\/types\/page"}],"author":[{"embeddable":true,"href":"https:\/\/www.franzoesisch-salzburg.com\/index.php?rest_route=\/wp\/v2\/users\/1"}],"replies":[{"embeddable":true,"href":"https:\/\/www.franzoesisch-salzburg.com\/index.php?rest_route=%2Fwp%2Fv2%2Fcomments&post=1142"}],"version-history":[{"count":15,"href":"https:\/\/www.franzoesisch-salzburg.com\/index.php?rest_route=\/wp\/v2\/pages\/1142\/revisions"}],"predecessor-version":[{"id":1506,"href":"https:\/\/www.franzoesisch-salzburg.com\/index.php?rest_route=\/wp\/v2\/pages\/1142\/revisions\/1506"}],"wp:attachment":[{"href":"https:\/\/www.franzoesisch-salzburg.com\/index.php?rest_route=%2Fwp%2Fv2%2Fmedia&parent=1142"}],"curies":[{"name":"wp","href":"https:\/\/api.w.org\/{rel}","templated":true}]}}