{"id":1347,"date":"2022-06-29T07:03:37","date_gmt":"2022-06-29T07:03:37","guid":{"rendered":"https:\/\/startersites.io\/elementor\/web-agency\/?page_id=1347"},"modified":"2026-02-18T02:50:30","modified_gmt":"2026-02-18T01:50:30","slug":"unterricht-lesson","status":"publish","type":"page","link":"https:\/\/www.franzoesisch-salzburg.com\/?page_id=1347","title":{"rendered":"Unterricht \/ Lesson"},"content":{"rendered":"\t\t<div data-elementor-type=\"wp-page\" data-elementor-id=\"1347\" class=\"elementor elementor-1347\">\n\t\t\t\t<div class=\"elementor-element elementor-element-8207779 e-flex e-con-boxed e-con e-parent\" data-id=\"8207779\" data-element_type=\"container\" data-e-type=\"container\">\n\t\t\t\t\t<div class=\"e-con-inner\">\n\t\t\t\t<div class=\"elementor-element elementor-element-f119d68 elementor-widget elementor-widget-text-editor\" data-id=\"f119d68\" data-element_type=\"widget\" data-e-type=\"widget\" data-widget_type=\"text-editor.default\">\n\t\t\t\t\t\t\t\t\t<h2><b>Unterricht \/ Nachhilfe \/ Konversation<\/b><\/h2>\t\t\t\t\t\t\t\t<\/div>\n\t\t\t\t\t<\/div>\n\t\t\t\t<\/div>\n\t\t<div class=\"elementor-element elementor-element-8adb255 e-flex e-con-boxed e-con e-parent\" data-id=\"8adb255\" data-element_type=\"container\" data-e-type=\"container\">\n\t\t\t\t\t<div class=\"e-con-inner\">\n\t\t\t\t<div class=\"elementor-element elementor-element-1d755a3 elementor-widget elementor-widget-text-editor\" data-id=\"1d755a3\" data-element_type=\"widget\" data-e-type=\"widget\" data-widget_type=\"text-editor.default\">\n\t\t\t\t\t\t\t\t\t<p><span style=\"font-weight: 400; color: #000000;\">Der Franz\u00f6sisch Unterricht\/Nachhilfe\/ Konversation richten sich an Erwachsene, die Franz\u00f6sisch strukturiert, verst\u00e4ndlich und ohne Zeitdruck lernen m\u00f6chten. Der Unterricht wird individuell angepasst und orientiert sich an Ihren pers\u00f6nlichen Lernzielen sowie Ihrem aktuellen Kenntnisstand.<\/span><\/p><p><span style=\"font-weight: 400; color: #000000;\">Der Fokus liegt darauf, die franz\u00f6sische Sprache Schritt f\u00fcr Schritt aufzubauen und sicher anzuwenden \u2013 sowohl im Verstehen als auch im Sprechen.<\/span><\/p><h2><span style=\"color: #000000;\"><b>Wie ist der Unterricht aufgebaut?<\/b><\/span><\/h2><p><span style=\"font-weight: 400; color: #000000;\">Der Unterricht ist klar strukturiert und praxisnah. Jede Einheit baut logisch auf der vorherigen auf, sodass Fortschritte kontinuierlich sichtbar werden.<\/span><\/p><p><span style=\"font-weight: 400; color: #000000;\">Im Unterricht arbeiten wir unter anderem an:<\/span><\/p><ul><li style=\"font-weight: 400;\" aria-level=\"1\"><span style=\"color: #000000;\"><span style=\"font-weight: 400;\">Grundlegender Grammatik und Satzstruktur<\/span><span style=\"font-weight: 400;\"><br \/><\/span><\/span><\/li><li style=\"font-weight: 400;\" aria-level=\"1\"><span style=\"color: #000000;\"><span style=\"font-weight: 400;\">Aussprache und Sprachmelodie<\/span><span style=\"font-weight: 400;\"><br \/><\/span><\/span><\/li><li style=\"font-weight: 400;\" aria-level=\"1\"><span style=\"color: #000000;\"><span style=\"font-weight: 400;\">Wortschatz f\u00fcr Alltag und Reisen<\/span><span style=\"font-weight: 400;\"><br \/><\/span><\/span><\/li><li style=\"font-weight: 400;\" aria-level=\"1\"><span style=\"color: #000000;\"><span style=\"font-weight: 400;\">aktiver Anwendung der Sprache<\/span><span style=\"font-weight: 400;\"><br \/><\/span><\/span><\/li><\/ul><p><span style=\"font-weight: 400; color: #000000;\">Der Lernstoff wird verst\u00e4ndlich vermittelt und regelm\u00e4\u00dfig wiederholt, um Sicherheit und Routine aufzubauen.<\/span><\/p><h2><span style=\"color: #000000;\"><b>Individueller Unterricht<\/b><\/span><\/h2><p><span style=\"font-weight: 400; color: #000000;\">Jeder Mensch lernt anders. Deshalb wird der Online Franz\u00f6sisch Unterricht individuell gestaltet. Tempo, Inhalte und Schwerpunkte werden an Ihre Bed\u00fcrfnisse angepasst.<\/span><\/p><p><span style=\"font-weight: 400; color: #000000;\">Der Unterricht eignet sich sowohl f\u00fcr:<\/span><\/p><ul><li style=\"font-weight: 400;\" aria-level=\"1\"><span style=\"color: #000000;\"><span style=\"font-weight: 400;\">Anf\u00e4nger ohne Vorkenntnisse<\/span><span style=\"font-weight: 400;\"><br \/><\/span><\/span><\/li><li style=\"font-weight: 400;\" aria-level=\"1\"><span style=\"font-weight: 400; color: #000000;\">Lernende mit Vorkenntnissen<\/span><\/li><li style=\"font-weight: 400;\" aria-level=\"1\"><span style=\"font-weight: 400; color: #000000;\">Leute, die Ihre Kenntnisse auffrischen wollen.<\/span><\/li><li style=\"font-weight: 400;\" aria-level=\"1\"><span style=\"font-weight: 400; color: #000000;\">Leute,die Franz\u00f6sisch f\u00fcr die Arbeit brauchen<\/span><\/li><li style=\"font-weight: 400;\" aria-level=\"1\"><span style=\"color: #000000;\"><span style=\"font-weight: 400;\">Leute, die die franz\u00f6sische Sprache lieben und sie auch anwenden wollen.<\/span><span style=\"font-weight: 400;\"><br \/><\/span><\/span><\/li><\/ul><p><span style=\"font-weight: 400; color: #000000;\">Ziel ist es, Vertrauen in die eigene Sprachf\u00e4higkeit zu entwickeln und Hemmungen beim Sprechen abzubauen.<\/span><\/p><h2><span style=\"color: #000000;\"><b>Mein Unterricht ist flexibel und effektiv<\/b><\/span><\/h2><p><span style=\"font-weight: 400; color: #000000;\">Der Unterricht findet\u00a0 online statt oder vor Ort in Salzburg. Dieses Format erm\u00f6glicht flexibles Lernen und l\u00e4sst sich gut in den Alltag integrieren. Sie sparen Zeit und k\u00f6nnen den Unterricht in einer vertrauten Umgebung wahrnehmen.<\/span><\/p><h2><span style=\"color: #000000;\"><b>Lernatmosph\u00e4re<\/b><\/span><\/h2><p><span style=\"font-weight: 400; color: #000000;\">Eine angenehme und ruhige Lernatmosph\u00e4re ist entscheidend f\u00fcr den Lernerfolg. Im Unterricht gibt es keinen Druck und keine Angst vor Fehlern. Fehler sind ein nat\u00fcrlicher Teil des Lernprozesses und helfen dabei, Fortschritte zu machen.<\/span><\/p><p><span style=\"font-weight: 400; color: #000000;\">Fragen sind jederzeit willkommen, Inhalte werden bei Bedarf wiederholt und erkl\u00e4rt.<\/span><\/p><h2><span style=\"color: #000000;\"><b>Lernziele<\/b><\/span><\/h2><p><span style=\"font-weight: 400; color: #000000;\">Gemeinsam definieren wir klare Lernziele. Diese k\u00f6nnen je nach Wunsch variieren, zum Beispiel:<\/span><\/p><ul><li style=\"font-weight: 400;\" aria-level=\"1\"><span style=\"color: #000000;\"><span style=\"font-weight: 400;\">Grundlagen der franz\u00f6sischen Sprache<\/span><span style=\"font-weight: 400;\"><br \/><\/span><\/span><\/li><li style=\"font-weight: 400;\" aria-level=\"1\"><span style=\"color: #000000;\"><span style=\"font-weight: 400;\">sichere Verst\u00e4ndigung im Alltag<\/span><span style=\"font-weight: 400;\"><br \/><\/span><\/span><\/li><li style=\"font-weight: 400;\" aria-level=\"1\"><span style=\"color: #000000;\"><span style=\"font-weight: 400;\">Vorbereitung auf Reisen<\/span><span style=\"font-weight: 400;\"><br \/><\/span><\/span><\/li><li style=\"font-weight: 400;\" aria-level=\"1\"><span style=\"color: #000000;\"><span style=\"font-weight: 400;\">Auffrischung bestehender Kenntnisse<\/span><span style=\"font-weight: 400;\"><br \/><\/span><\/span><\/li><\/ul><p><span style=\"font-weight: 400; color: #000000;\">Der Unterricht wird gezielt auf diese Ziele ausgerichtet.<\/span><\/p><h2><span style=\"color: #000000;\"><b>F\u00fcr wen ist der Unterricht geeignet?<\/b><\/span><\/h2><p><span style=\"font-weight: 400; color: #000000;\">Der (online) Franz\u00f6sisch Unterricht ist ideal f\u00fcr Erwachsene, die:<\/span><\/p><ul><li style=\"font-weight: 400;\" aria-level=\"1\"><span style=\"color: #000000;\"><span style=\"font-weight: 400;\">strukturiert lernen m\u00f6chten<\/span><span style=\"font-weight: 400;\"><br \/><\/span><\/span><\/li><li style=\"font-weight: 400;\" aria-level=\"1\"><span style=\"color: #000000;\"><span style=\"font-weight: 400;\">Wert auf pers\u00f6nliche Betreuung legen<\/span><span style=\"font-weight: 400;\"><br \/><\/span><\/span><\/li><li style=\"font-weight: 400;\" aria-level=\"1\"><span style=\"color: #000000;\"><span style=\"color: #000000;\"><span style=\"font-weight: 400;\">flexibel und gezielt lernen wollen<\/span><\/span><\/span><p>\u00a0<\/p><\/li><\/ul><p><span style=\"font-weight: 400; color: #000000;\">Vorkenntnisse sind nicht zwingend erforderlich.<\/span><\/p><h2><span style=\"color: #000000;\"><b>Jetzt starten<\/b><\/span><\/h2><p><span style=\"font-weight: 400; color: #000000;\">Wenn Sie Interesse am Online Franz\u00f6sisch Unterricht haben, nehmen Sie gerne Kontakt auf und beschreiben Sie kurz Ihr Lernziel. Ich freue mich auf Ihre Nachricht!<\/span><\/p><p><span style=\"color: #000000;\"><b>Jetzt Kontakt aufnehmen<\/b><\/span><\/p><p><span style=\"color: #333399;\"><strong>Um einen Termin zu vereinbaren, senden Sie mir bitte eine E-Mail an franzoesisch.salzburg@gmx.at or WhatsApp: +43 660 6570738<\/strong><\/span><\/p><p><span style=\"color: #000000;\"><b><br \/><\/b><span style=\"font-weight: 400;\"> In der Regel erhalten Sie innerhalb von 24 Stunden eine Antwort.<\/span><\/span><\/p>\t\t\t\t\t\t\t\t<\/div>\n\t\t\t\t\t<\/div>\n\t\t\t\t<\/div>\n\t\t\t\t<\/div>\n\t\t","protected":false},"excerpt":{"rendered":"<p>Unterricht \/ Nachhilfe \/ Konversation Der Franz\u00f6sisch Unterricht\/Nachhilfe\/ Konversation richten sich an Erwachsene, die Franz\u00f6sisch strukturiert, verst\u00e4ndlich und ohne Zeitdruck lernen m\u00f6chten. Der Unterricht wird individuell angepasst und orientiert sich an Ihren pers\u00f6nlichen Lernzielen sowie Ihrem aktuellen Kenntnisstand. Der Fokus liegt darauf, die franz\u00f6sische Sprache Schritt f\u00fcr Schritt aufzubauen und sicher anzuwenden \u2013 sowohl im [&hellip;]<\/p>\n","protected":false},"author":1,"featured_media":0,"parent":0,"menu_order":0,"comment_status":"closed","ping_status":"closed","template":"","meta":{"footnotes":""},"class_list":["post-1347","page","type-page","status-publish","hentry"],"blocksy_meta":{"page_title_panel":"","has_hero_section":"disabled","97ee15f25a4197e406aa66b5a6e1cc4a":"","hero_section":"type-1","hero_elements":[{"id":"custom_title","enabled":true,"heading_tag":"h1","title":"Home"},{"id":"custom_description","enabled":true,"description_visibility":{"desktop":true,"tablet":true,"mobile":false}},{"id":"custom_meta","enabled":false,"meta_elements":[{"id":"author","enabled":true,"label":"By","has_author_avatar":"yes","avatar_size":25},{"id":"post_date","enabled":true,"label":"On","date_format_source":"default","date_format":"M j, Y"},{"id":"updated_date","enabled":false,"label":"On","date_format_source":"default","date_format":"M j, Y"},{"id":"categories","enabled":false,"label":"In","style":"simple"},{"id":"comments","enabled":true}],"page_meta_elements":{"joined":true,"articles_count":true,"comments":true}},{"id":"breadcrumbs","enabled":false}],"e383a482344f65eacb9516af82d8ed80":"","hero_alignment1":"CT_CSS_SKIP_RULE","hero_margin":40,"hero_alignment2":"center","hero_vertical_alignment":"center","aa7b568f8a77bfd0b9648c22ccb00685":"","hero_structure":"narrow","b4ba0b41affd6111d96beeceb6f9817f":"","page_title_bg_type":"featured_image","custom_hero_background":{"attachment_id":null},"page_title_image_size":"full","parallax":{"desktop":false,"tablet":false,"mobile":false},"14d5fc5fd9b9278b692d6150f1075e8a":"","hero_height":"250px","pageTitleFont":{"family":"Default","variation":"Default","size":"30px","line-height":"CT_CSS_SKIP_RULE","letter-spacing":"CT_CSS_SKIP_RULE","text-transform":"CT_CSS_SKIP_RULE","text-decoration":"CT_CSS_SKIP_RULE"},"pageTitleFontColor":{"default":{"color":"CT_CSS_SKIP_RULEDEFAULT"}},"pageMetaFont":{"family":"Default","variation":"n6","size":"12px","line-height":"1.3","letter-spacing":"CT_CSS_SKIP_RULE","text-transform":"uppercase","text-decoration":"CT_CSS_SKIP_RULE"},"pageMetaFontColor":{"default":{"color":"CT_CSS_SKIP_RULEDEFAULT"},"hover":{"color":"CT_CSS_SKIP_RULEDEFAULT"}},"page_meta_button_type_font_colors":{"default":{"color":"CT_CSS_SKIP_RULEDEFAULT"},"hover":{"color":"CT_CSS_SKIP_RULEDEFAULT"}},"page_meta_button_type_background_colors":{"default":{"color":"CT_CSS_SKIP_RULEDEFAULT"},"hover":{"color":"CT_CSS_SKIP_RULEDEFAULT"}},"pageExcerptFont":{"family":"Default","variation":"Default","size":"CT_CSS_SKIP_RULE","line-height":"CT_CSS_SKIP_RULE","letter-spacing":"CT_CSS_SKIP_RULE","text-transform":"CT_CSS_SKIP_RULE","text-decoration":"CT_CSS_SKIP_RULE"},"pageExcerptColor":{"default":{"color":"CT_CSS_SKIP_RULEDEFAULT"}},"breadcrumbsFont":{"family":"Default","variation":"Default","size":"CT_CSS_SKIP_RULE","line-height":"CT_CSS_SKIP_RULE","letter-spacing":"CT_CSS_SKIP_RULE","text-transform":"CT_CSS_SKIP_RULE","text-decoration":"CT_CSS_SKIP_RULE"},"breadcrumbsFontColor":{"default":{"color":"CT_CSS_SKIP_RULEDEFAULT"},"initial":{"color":"CT_CSS_SKIP_RULEDEFAULT"},"hover":{"color":"CT_CSS_SKIP_RULEDEFAULT"}},"pageTitleOverlay":{"background_type":"color","background_pattern":"type-1","background_image":{"attachment_id":null,"x":0,"y":0},"gradient":"linear-gradient(135deg,rgba(6,147,227,1) 0%,rgb(155,81,224) 100%)","background_repeat":"repeat","background_size":"auto","background_attachment":"scroll","patternColor":{"default":{"color":"#e5e7ea"}},"overlayColor":{"default":{"color":"CT_CSS_SKIP_RULE"}},"backgroundColor":{"default":{"color":"CT_CSS_SKIP_RULE"}}},"pageTitleBackground":{"background_type":"color","background_pattern":"type-1","background_image":{"attachment_id":null,"x":0,"y":0},"gradient":"linear-gradient(135deg,rgba(6,147,227,1) 0%,rgb(155,81,224) 100%)","background_repeat":"repeat","background_size":"auto","background_attachment":"scroll","patternColor":{"default":{"color":"#e5e7ea"}},"overlayColor":{"default":{"color":"CT_CSS_SKIP_RULE"}},"backgroundColor":{"default":{"color":"var(--theme-palette-color-6)"}}},"pageTitlePadding":{"top":"50px","bottom":"50px","left":"auto","right":"auto","linked":true},"202f0cbc398d714e048b39197ae71e6d":"","page_structure_type":"default","854bd40f7f8b4d7a95aa3e0f49708ea4":"","content_style_source":"inherit","content_style":"wide","vertical_spacing_source":"custom","content_area_spacing":"none","background":{"background_type":"color","background_pattern":"type-1","background_image":{"attachment_id":null,"x":0,"y":0},"gradient":"linear-gradient(135deg,rgba(6,147,227,1) 0%,rgb(155,81,224) 100%)","background_repeat":"repeat","background_size":"auto","background_attachment":"scroll","patternColor":{"default":{"color":"#e5e7ea"}},"overlayColor":{"default":{"color":"CT_CSS_SKIP_RULE"}},"backgroundColor":{"default":{"color":"CT_CSS_SKIP_RULE"}}},"content_background":{"background_type":"color","background_pattern":"type-1","background_image":{"attachment_id":null,"x":0,"y":0},"gradient":"linear-gradient(135deg,rgba(6,147,227,1) 0%,rgb(155,81,224) 100%)","background_repeat":"repeat","background_size":"auto","background_attachment":"scroll","patternColor":{"default":{"color":"#e5e7ea"}},"overlayColor":{"default":{"color":"CT_CSS_SKIP_RULE"}},"backgroundColor":{"default":{"color":"var(--theme-palette-color-8)"}}},"content_boxed_shadow":{"inherit":false,"blur":18,"spread":-6,"v_offset":12,"h_offset":0,"inset":false,"enable":true,"color":{"color":"rgba(34, 56, 101, 0.04)"}},"content_boxed_border":{"width":1,"style":"none","color":{"color":"rgba(44,62,80,0.2)"}},"content_boxed_radius":{"top":"3px","bottom":"3px","left":"3px","right":"3px","linked":true},"boxed_content_spacing":{"desktop":{"top":"40px","bottom":"40px","left":"40px","right":"40px","linked":true},"tablet":{"top":"35px","bottom":"35px","left":"35px","right":"35px","linked":true},"mobile":{"top":"20px","bottom":"20px","left":"20px","right":"20px","linked":true}},"b0da049bbc9a67cf3a03559f10c8de95":"","disable_featured_image":"no","disable_share_box":"no","disable_header":"no","disable_footer":"no","styles_descriptor":{"styles":{"desktop":"","tablet":"","mobile":""},"google_fonts":[],"version":6}},"_links":{"self":[{"href":"https:\/\/www.franzoesisch-salzburg.com\/index.php?rest_route=\/wp\/v2\/pages\/1347","targetHints":{"allow":["GET"]}}],"collection":[{"href":"https:\/\/www.franzoesisch-salzburg.com\/index.php?rest_route=\/wp\/v2\/pages"}],"about":[{"href":"https:\/\/www.franzoesisch-salzburg.com\/index.php?rest_route=\/wp\/v2\/types\/page"}],"author":[{"embeddable":true,"href":"https:\/\/www.franzoesisch-salzburg.com\/index.php?rest_route=\/wp\/v2\/users\/1"}],"replies":[{"embeddable":true,"href":"https:\/\/www.franzoesisch-salzburg.com\/index.php?rest_route=%2Fwp%2Fv2%2Fcomments&post=1347"}],"version-history":[{"count":13,"href":"https:\/\/www.franzoesisch-salzburg.com\/index.php?rest_route=\/wp\/v2\/pages\/1347\/revisions"}],"predecessor-version":[{"id":1503,"href":"https:\/\/www.franzoesisch-salzburg.com\/index.php?rest_route=\/wp\/v2\/pages\/1347\/revisions\/1503"}],"wp:attachment":[{"href":"https:\/\/www.franzoesisch-salzburg.com\/index.php?rest_route=%2Fwp%2Fv2%2Fmedia&parent=1347"}],"curies":[{"name":"wp","href":"https:\/\/api.w.org\/{rel}","templated":true}]}}